{"id":9003,"date":"2025-07-09T02:50:35","date_gmt":"2025-07-09T02:50:35","guid":{"rendered":"https:\/\/steelgratingchina.com\/?post_type=product&#038;p=9003"},"modified":"2025-07-10T02:23:58","modified_gmt":"2025-07-10T02:23:58","slug":"heavy-duty-steel-grating","status":"publish","type":"product","link":"https:\/\/www.steelgratingchina.com\/ja\/product\/heavy-duty-steel-grating\/","title":{"rendered":"\u9811\u4e08\u306a\u92fc\u9244\u683c\u5b50"},"content":{"rendered":"<div data-elementor-type=\"product-post\" data-elementor-id=\"9003\" class=\"elementor elementor-9003\" data-elementor-post-type=\"product\">\n\t\t\t\t<div class=\"elementor-element elementor-element-4809845c e-flex e-con-boxed e-con e-parent\" data-id=\"4809845c\" data-element_type=\"container\">\n\t\t\t\t\t<div class=\"e-con-inner\">\n\t\t\t\t<div class=\"elementor-element elementor-element-675e87aa elementor-widget elementor-widget-text-editor\" data-id=\"675e87aa\" data-element_type=\"widget\" data-widget_type=\"text-editor.default\">\n\t\t\t\t<div class=\"elementor-widget-container\">\n\t\t\t\t\t\t\t\t\t<div style=\"margin: 0px 0px 0px; padding: 0px; font-family: Poppins-Regular; color: #666666;\">\n<h2 style=\"margin-bottom: 15px; padding-bottom: 10px; font-size: 25px; font-family: Poppins-Bold; color: #0b1011; position: relative;\">Features of Heavy Steel Grating<\/h2>\n<div style=\"margin: 0px; padding: 0px; line-height: 30px;\">\n<ul style=\"margin-bottom: 0px; margin-left: 0px; padding-left: 20px; font-size: 16px;\">\n<li style=\"font-size: 16px; list-style: outside disc;\">\n<p style=\"margin-bottom: 0px; font-size: 1em; color: #333333;\">Super strong bearing capacity<\/p>\n<p style=\"margin-bottom: 0px; font-size: 1em; color: #333333;\">Gratings can&nbsp;withstand large-tonnage heavy equipment and vehicles, suitable for dynamic and static loads.<\/p>\n<p style=\"margin-bottom: 0px; font-size: 1em; color: #333333;\">\n<\/p><\/li>\n<li style=\"font-size: 16px; list-style: outside disc;\">\n<p style=\"margin-bottom: 0px; font-size: 1em; color: #333333;\">Solid structure<\/p>\n<p style=\"margin-bottom: 0px; font-size: 1em; color: #333333;\">Through high-strength welding or pressure welding process, it has extremely high strength and stability, which can effectively prevent deformation.<\/p>\n<p style=\"margin-bottom: 0px; font-size: 1em; color: #333333;\">\n<\/p><\/li>\n<li style=\"font-size: 16px; list-style: outside disc;\">\n<p style=\"margin-bottom: 0px; font-size: 1em; color: #333333;\">Strong durability<\/p>\n<p style=\"margin-bottom: 0px; font-size: 1em; color: #333333;\">Hot-dip galvanizing makes it with&nbsp;good corrosion resistance and long service life, especially suitable for humid and highly corrosive environments.<\/p>\n<p style=\"margin-bottom: 0px; font-size: 1em; color: #333333;\">\n<\/p><\/li>\n<li style=\"font-size: 16px; list-style: outside disc;\">\n<p style=\"margin-bottom: 0px; font-size: 1em; color: #333333;\">Anti-slip and safety<\/p>\n<p style=\"margin-bottom: 0px; font-size: 1em; color: #333333;\">Heavy duty&nbsp;<a style=\"margin: 0px; padding: 0px; font-size: 1em; color: #666666; display: inline-block; text-decoration-line: underline; transition-duration: 0.3s; transition-timing-function: ease; transition-property: all;\" href=\"https:\/\/www.sino-grating.com\/steel-gratings\/\" target=\"_self\">steel grating<\/a>&nbsp;can be made of&nbsp;serrated&nbsp;surface, which has excellent anti-slip performance and is especially suitable for oily or humid areas.<\/p>\n<p style=\"margin-bottom: 0px; font-size: 1em; color: #333333;\">\n<\/p><\/li>\n<li style=\"font-size: 16px; list-style: outside disc;\">\n<p style=\"margin-bottom: 0px; font-size: 1em; color: #333333;\">Good ventilation and drainage<\/p>\n<p style=\"margin-bottom: 0px; font-size: 1em; color: #333333;\">The grating&#8217;s&nbsp;opening structure can not only maintain good ventilation and lighting effects, but also quickly drain water and reduce water accumulation problems.<\/p>\n<p style=\"margin-bottom: 0px; font-size: 1em; color: #333333;\">\n<\/p><\/li>\n<li style=\"font-size: 16px; list-style: outside disc;\">\n<p style=\"margin-bottom: 0px; font-size: 1em; color: #333333;\">Customizability<\/p>\n<p style=\"margin-bottom: 0px; font-size: 1em; color: #333333;\">Flexibly adjust the specifications, spacing, shape and surface treatment of the load-bearing flat steel according to the scene requirements.<\/p>\n<\/li>\n<\/ul>\n<p style=\"margin-bottom: 0px; font-size: 1em; color: #333333;\">\n<\/p><\/div>\n<div style=\"margin: 30px 0px 0px; padding: 0px; display: grid; grid-template-columns: repeat(2, 1fr); gap: 40px;\">&nbsp;<\/div>\n<\/div>\n<div style=\"margin: 30px 0px 0px; padding: 0px; font-family: Poppins-Regular; color: #666666;\">\n<h2 style=\"margin-bottom: 15px; padding-bottom: 10px; font-size: 25px; font-family: Poppins-Bold; color: #0b1011; position: relative;\">Application Fields of Heavy Duty Steel Grating<\/h2>\n<div style=\"margin: 0px; padding: 0px; line-height: 30px;\">\n<ul style=\"margin-bottom: 0px; margin-left: 0px; padding-left: 20px; font-size: 16px;\">\n<li style=\"font-size: 16px; list-style: outside disc;\">\n<p style=\"margin-bottom: 0px; font-size: 1em; color: #333333;\"><span style=\"margin: 0px; padding: 0px; color: #666666; text-wrap-mode: nowrap;\">\u7523\u696d\u5206\u91ce<\/span><\/p>\n<p style=\"margin-bottom: 0px; font-size: 1em; color: #333333;\"><span style=\"margin: 0px; padding: 0px; color: #666666; text-wrap-mode: nowrap;\">Heavy equipment platform: such as equipment maintenance platform in petrochemical plants, power plants, and metallurgical plants.<\/span><\/p>\n<p style=\"margin-bottom: 0px; font-size: 1em; color: #333333;\"><span style=\"margin: 0px; padding: 0px; color: #666666; text-wrap-mode: nowrap;\">Corridor: Passages in industrial plants used to carry pedestrians and small vehicles.<\/span><\/p>\n<p style=\"margin-bottom: 0px; font-size: 1em; color: #333333;\"><span style=\"margin: 0px; padding: 0px; color: #666666; text-wrap-mode: nowrap;\">&nbsp;<\/span><\/p>\n<\/li>\n<li style=\"font-size: 16px; list-style: outside disc;\">\n<p style=\"margin-bottom: 0px; font-size: 1em; color: #333333;\"><span style=\"margin: 0px; padding: 0px; color: #666666; text-wrap-mode: nowrap;\">Traffic and transportation<\/span><\/p>\n<p style=\"margin-bottom: 0px; font-size: 1em; color: #333333;\"><span style=\"margin: 0px; padding: 0px; color: #666666; text-wrap-mode: nowrap;\">Bridge pavement: as a load-bearing plate in bridge structures.<\/span><\/p>\n<p style=\"margin-bottom: 0px; font-size: 1em; color: #333333;\"><span style=\"margin: 0px; padding: 0px; color: #666666; text-wrap-mode: nowrap;\">Ports and docks: used to bear the load of heavy cranes and trucks.<\/span><\/p>\n<p style=\"margin-bottom: 0px; font-size: 1em; color: #333333;\">\n<\/p><\/li>\n<\/ul>\n<ul style=\"margin-bottom: 0px; margin-left: 0px; padding-left: 20px; font-size: 16px;\">\n<li style=\"font-size: 16px; list-style: outside disc;\">\n<p style=\"margin-bottom: 0px; font-size: 1em; color: #333333;\"><span style=\"margin: 0px; padding: 0px; color: #666666; text-wrap-mode: nowrap;\">Municipal and civil engineering<\/span><\/p>\n<p style=\"margin-bottom: 0px; font-size: 1em; color: #333333;\"><span style=\"margin: 0px; padding: 0px; color: #666666; text-wrap-mode: nowrap;\">Drainage cover: heavy-duty drainage ditch cover is suitable for high-load areas such as urban roads, parking lots, and airports.<\/span><\/p>\n<p style=\"margin-bottom: 0px; font-size: 1em; color: #333333;\"><span style=\"margin: 0px; padding: 0px; color: #666666; text-wrap-mode: nowrap;\">Underground pipeline maintenance platform: large bearing capacity and long service life.<\/span><\/p>\n<p style=\"margin-bottom: 0px; font-size: 1em; color: #333333;\"><span style=\"margin: 0px; padding: 0px; color: #666666; text-wrap-mode: nowrap;\">&nbsp;<\/span><\/p>\n<\/li>\n<li style=\"font-size: 16px; list-style: outside disc;\">\n<p style=\"margin-bottom: 0px; font-size: 1em; color: #333333;\"><span style=\"margin: 0px; padding: 0px; color: #666666; text-wrap-mode: nowrap;\">Mining and energy field<\/span><\/p>\n<p style=\"margin-bottom: 0px; font-size: 1em; color: #333333;\"><span style=\"margin: 0px; padding: 0px; color: #666666; text-wrap-mode: nowrap;\">Mining facilities: heavy-duty load-bearing platforms used in mining, stockpiling yards and other areas.<\/span><\/p>\n<p style=\"margin-bottom: 0px; font-size: 1em; color: #333333;\"><span style=\"margin: 0px; padding: 0px; color: #666666; text-wrap-mode: nowrap;\">Power plant equipment area: large equipment operating platform or maintenance walkway.<\/span><\/p>\n<\/li>\n<\/ul>\n<p style=\"margin-bottom: 0px; font-size: 1em; color: #333333;\">\n<\/p><\/div>\n<div style=\"margin: 30px 0px 0px; padding: 0px; display: grid; grid-template-columns: repeat(2, 1fr); gap: 40px;\">\n<div style=\"margin: 0px; padding: 0px; border-radius: 0px 50px 0px 0px; background-color: #f7f7f7; overflow: hidden;\">\n<div style=\"margin: 0px; padding: 0px;\"><img decoding=\"async\" style=\"margin: 0px; padding: 0px; display: block; transition: 0.3s; width: 660px;\" title=\"\u9811\u4e08\u306a\u92fc\u9244\u683c\u5b50\" src=\"https:\/\/www.sino-grating.com\/uploads\/image\/20250317\/heavy-duty-bar-grating.webp\" alt=\"Heavy Duty Steel Grating\"><\/div>\n<div style=\"margin: 0px; padding: 16px; line-height: 1.4; text-align: center;\">\u9811\u4e08\u306a\u92fc\u9244\u683c\u5b50<\/div>\n<\/div>\n<div style=\"margin: 0px; padding: 0px; border-radius: 0px 50px 0px 0px; background-color: #f7f7f7; overflow: hidden;\">\n<div style=\"margin: 0px; padding: 0px;\"><img decoding=\"async\" style=\"margin: 0px; padding: 0px; display: block; transition: 0.3s; width: 660px;\" title=\"\u9811\u4e08\u306a\u92fc\u9244\u683c\u5b50\" src=\"https:\/\/www.sino-grating.com\/uploads\/image\/20250317\/heavy-duty-grating.webp\" alt=\"Heavy Duty Steel Grating\"><\/div>\n<div style=\"margin: 0px; padding: 16px; line-height: 1.4; text-align: center;\">\u9811\u4e08\u306a\u92fc\u9244\u683c\u5b50<\/div>\n<\/div>\n<div style=\"margin: 0px; padding: 0px; border-radius: 0px 50px 0px 0px; background-color: #f7f7f7; overflow: hidden;\">\n<div style=\"margin: 0px; padding: 0px;\"><img decoding=\"async\" style=\"margin: 0px; padding: 0px; display: block; transition: 0.3s; width: 660px;\" title=\"\u9811\u4e08\u306a\u92fc\u9244\u683c\u5b50\" src=\"https:\/\/www.sino-grating.com\/uploads\/image\/20250317\/steel-grating-heavy-duty.webp\" alt=\"Heavy Duty Steel Grating\"><\/div>\n<div style=\"margin: 0px; padding: 16px; line-height: 1.4; text-align: center;\">\u9811\u4e08\u306a\u92fc\u9244\u683c\u5b50<\/div>\n<\/div>\n<div style=\"margin: 0px; padding: 0px; border-radius: 0px 50px 0px 0px; background-color: #f7f7f7; overflow: hidden;\">\n<div style=\"margin: 0px; padding: 0px;\"><img decoding=\"async\" style=\"margin: 0px; padding: 0px; display: block; transition: 0.3s; width: 660px;\" title=\"\u9811\u4e08\u306a\u92fc\u9244\u683c\u5b50\" src=\"https:\/\/www.sino-grating.com\/uploads\/image\/20250317\/heavy-duty-metal-grating.webp\" alt=\"Heavy Duty Steel Grating\"><\/div>\n<div style=\"margin: 0px; padding: 16px; line-height: 1.4; text-align: center;\">\u9811\u4e08\u306a\u92fc\u9244\u683c\u5b50<\/div>\n<\/div>\n<\/div>\n<\/div>\n<div style=\"margin: 30px 0px 0px; padding: 0px; font-family: Poppins-Regular; color: #666666;\">\n<h2 style=\"margin-bottom: 15px; padding-bottom: 10px; font-size: 25px; font-family: Poppins-Bold; color: #0b1011; position: relative;\">Common Specifications of Heavy Steel Grating<\/h2>\n<div style=\"margin: 0px; padding: 0px; line-height: 30px;\">\n<div style=\"margin: 0px; padding: 0px; overflow-x: auto;\">\n<table style=\"margin-bottom: 0px; padding: 0px; border-collapse: collapse; width: 1360px;\">\n<colgroup style=\"margin: 0px; padding: 0px;\">\n<col style=\"margin: 0px; padding: 0px;\">\n<col style=\"margin: 0px; padding: 0px;\"><\/colgroup>\n<tbody style=\"margin: 0px; padding: 0px;\">\n<tr style=\"margin: 0px; padding: 0px; background-color: #0054a8;\">\n<td style=\"margin: 0px; padding: 5px; color: #ffffff; border-top: 1px solid #dcdcdc; border-left: 1px solid #dcdcdc; border-right-style: solid; border-bottom-style: solid; border-right-color: #dcdcdc; border-bottom-color: #dcdcdc; border-image: initial; text-wrap-mode: nowrap; word-break: normal !important; overflow-wrap: break-word !important;\" align=\"center\" valign=\"middle\">Item<\/td>\n<td style=\"margin: 0px; padding: 5px; color: #ffffff; border-top: 1px solid #dcdcdc; border-left: 1px solid #dcdcdc; border-right-style: solid; border-bottom-style: solid; border-right-color: #dcdcdc; border-bottom-color: #dcdcdc; border-image: initial; text-wrap-mode: nowrap; word-break: normal !important; overflow-wrap: break-word !important;\" align=\"center\" valign=\"middle\">Specification Data<\/td>\n<\/tr>\n<tr style=\"margin: 0px; padding: 0px;\">\n<td style=\"margin: 0px; padding: 5px; border-top: 1px solid #dcdcdc; border-left: 1px solid #dcdcdc; border-right-style: solid; border-bottom-style: solid; border-right-color: #dcdcdc; border-bottom-color: #dcdcdc; border-image: initial; word-break: normal !important; overflow-wrap: break-word !important;\" align=\"center\" valign=\"middle\">Bearing bar thickness<\/td>\n<td style=\"margin: 0px; padding: 5px; border-top: 1px solid #dcdcdc; border-left: 1px solid #dcdcdc; border-right-style: solid; border-bottom-style: solid; border-right-color: #dcdcdc; border-bottom-color: #dcdcdc; border-image: initial; word-break: normal !important; overflow-wrap: break-word !important;\" align=\"center\" valign=\"middle\">5mm, 6mm, 8mm and above<\/td>\n<\/tr>\n<tr style=\"margin: 0px; padding: 0px;\">\n<td style=\"margin: 0px; padding: 5px; border-top: 1px solid #dcdcdc; border-left: 1px solid #dcdcdc; border-right-style: solid; border-bottom-style: solid; border-right-color: #dcdcdc; border-bottom-color: #dcdcdc; border-image: initial; word-break: normal !important; overflow-wrap: break-word !important;\" align=\"center\" valign=\"middle\">Bearing bar width<\/td>\n<td style=\"margin: 0px; padding: 5px; border-top: 1px solid #dcdcdc; border-left: 1px solid #dcdcdc; border-right-style: solid; border-bottom-style: solid; border-right-color: #dcdcdc; border-bottom-color: #dcdcdc; border-image: initial; word-break: normal !important; overflow-wrap: break-word !important;\" align=\"center\" valign=\"middle\">50mm~200mm<\/td>\n<\/tr>\n<tr style=\"margin: 0px; padding: 0px;\">\n<td style=\"margin: 0px; padding: 5px; border-top: 1px solid #dcdcdc; border-left: 1px solid #dcdcdc; border-right-style: solid; border-bottom-style: solid; border-right-color: #dcdcdc; border-bottom-color: #dcdcdc; border-image: initial; word-break: normal !important; overflow-wrap: break-word !important;\" align=\"center\" valign=\"middle\">Bearing bar spacing<\/td>\n<td style=\"margin: 0px; padding: 5px; border-top: 1px solid #dcdcdc; border-left: 1px solid #dcdcdc; border-right-style: solid; border-bottom-style: solid; border-right-color: #dcdcdc; border-bottom-color: #dcdcdc; border-image: initial; word-break: normal !important; overflow-wrap: break-word !important;\" align=\"center\" valign=\"middle\">20mm, 30mm, 40mm<\/td>\n<\/tr>\n<tr style=\"margin: 0px; padding: 0px;\">\n<td style=\"margin: 0px; padding: 5px; border-top: 1px solid #dcdcdc; border-left: 1px solid #dcdcdc; border-right-style: solid; border-bottom-style: solid; border-right-color: #dcdcdc; border-bottom-color: #dcdcdc; border-image: initial; word-break: normal !important; overflow-wrap: break-word !important;\" align=\"center\" valign=\"middle\">Cross bar size<\/td>\n<td style=\"margin: 0px; padding: 5px; border-top: 1px solid #dcdcdc; border-left: 1px solid #dcdcdc; border-right-style: solid; border-bottom-style: solid; border-right-color: #dcdcdc; border-bottom-color: #dcdcdc; border-image: initial; word-break: normal !important; overflow-wrap: break-word !important;\" align=\"center\" valign=\"middle\">\u00d86mm, \u00d88mm, \u00d810mm and above<\/td>\n<\/tr>\n<tr style=\"margin: 0px; padding: 0px;\">\n<td style=\"margin: 0px; padding: 5px; border-top: 1px solid #dcdcdc; border-left: 1px solid #dcdcdc; border-right-style: solid; border-bottom-style: solid; border-right-color: #dcdcdc; border-bottom-color: #dcdcdc; border-image: initial; word-break: normal !important; overflow-wrap: break-word !important;\" align=\"center\" valign=\"middle\">Corss bar spacing<\/td>\n<td style=\"margin: 0px; padding: 5px; border-top: 1px solid #dcdcdc; border-left: 1px solid #dcdcdc; border-right-style: solid; border-bottom-style: solid; border-right-color: #dcdcdc; border-bottom-color: #dcdcdc; border-image: initial; word-break: normal !important; overflow-wrap: break-word !important;\" align=\"center\" valign=\"middle\">50mm, 100 mm<\/td>\n<\/tr>\n<tr style=\"margin: 0px; padding: 0px;\">\n<td style=\"margin: 0px; padding: 5px; border-top: 1px solid #dcdcdc; border-left: 1px solid #dcdcdc; border-right-style: solid; border-bottom-style: solid; border-right-color: #dcdcdc; border-bottom-color: #dcdcdc; border-image: initial; word-break: normal !important; overflow-wrap: break-word !important;\" align=\"center\" valign=\"middle\">Surface treatment<\/td>\n<td style=\"margin: 0px; padding: 5px; border-top: 1px solid #dcdcdc; border-left: 1px solid #dcdcdc; border-right-style: solid; border-bottom-style: solid; border-right-color: #dcdcdc; border-bottom-color: #dcdcdc; border-image: initial; word-break: normal !important; overflow-wrap: break-word !important;\" align=\"center\" valign=\"middle\">Hot dip galvanizing, powder coating or painting<\/td>\n<\/tr>\n<\/tbody>\n<\/table>\n<\/div>\n<p style=\"margin-bottom: 0px; font-size: 1em; color: #333333;\">\n<\/p><\/div>\n<div style=\"margin: 30px 0px 0px; padding: 0px; display: grid; grid-template-columns: repeat(2, 1fr); gap: 40px;\">&nbsp;<\/div>\n<\/div>\n<div style=\"margin: 30px 0px 0px; padding: 0px; font-family: Poppins-Regular; color: #666666;\">\n<h2 style=\"margin-bottom: 15px; padding-bottom: 10px; font-size: 25px; font-family: Poppins-Bold; color: #0b1011; position: relative;\">Sino Grating Provides Free Load Calculation and Selection Services for Customers<\/h2>\n<div style=\"margin: 0px; padding: 0px; line-height: 30px;\">\n<p style=\"margin-bottom: 0px; font-size: 1em; color: #333333;\"><strong style=\"margin: 0px; padding: 0px; color: #666666;\">Design and installation considerations<\/strong><\/p>\n<ul style=\"margin-bottom: 0px; margin-left: 0px; padding-left: 20px; font-size: 16px;\">\n<li style=\"font-size: 16px; list-style: outside disc;\">\n<p style=\"margin-bottom: 0px; font-size: 1em; color: #333333;\">Design load<\/p>\n<p style=\"margin-bottom: 0px; font-size: 1em; color: #333333;\">Clarify the dynamic or static load requirements during the design stage and select the appropriate flat steel thickness and spacing.<\/p>\n<p style=\"margin-bottom: 0px; font-size: 1em; color: #333333;\">\n<\/p><\/li>\n<li style=\"font-size: 16px; list-style: outside disc;\">\n<p style=\"margin-bottom: 0px; font-size: 1em; color: #333333;\">Installation method<\/p>\n<p style=\"margin-bottom: 0px; font-size: 1em; color: #333333;\">Welding or clamping can be used. Welding is more suitable for permanent installation, and clamping is convenient for later maintenance and disassembly.<\/p>\n<p style=\"margin-bottom: 0px; font-size: 1em; color: #333333;\">\n<\/p><\/li>\n<li style=\"font-size: 16px; list-style: outside disc;\">\n<p style=\"margin-bottom: 0px; font-size: 1em; color: #333333;\">Size customization<\/p>\n<p style=\"margin-bottom: 0px; font-size: 1em; color: #333333;\">Customize the appropriate steel grating specifications in advance according to the size of the actual installation site to reduce secondary processing.<\/p>\n<p style=\"margin-bottom: 0px; font-size: 1em; color: #333333;\">\n<\/p><\/li>\n<li style=\"font-size: 16px; list-style: outside disc;\">\n<p style=\"margin-bottom: 0px; font-size: 1em; color: #333333;\">Anti-slip design<\/p>\n<p style=\"margin-bottom: 0px; font-size: 1em; color: #333333;\">For ramps and wet areas, it is recommended to choose toothed steel grating to increase friction.<\/p>\n<\/li>\n<\/ul>\n<\/div>\n<\/div>\t\t\t\t\t\t\t\t<\/div>\n\t\t\t\t<\/div>\n\t\t\t\t\t<\/div>\n\t\t\t\t<\/div>\n\t\t\t\t<\/div>","protected":false},"excerpt":{"rendered":"<p>Heavy steel grating is a type of steel grating with enhanced load-bearing capacity, typically used in scenarios involving heavy loads.<br \/>\nIt is fabricated by pressure welding, manual welding, or press-locked welding of load-bearing flat steels and cross bars arranged at specific intervals. Its surface is usually treated with hot-dip galvanizing to enhance corrosion resistance.<\/p>","protected":false},"featured_media":9004,"template":"","meta":{"site-sidebar-layout":"default","site-content-layout":"","ast-site-content-layout":"default","site-content-style":"default","site-sidebar-style":"default","ast-global-header-display":"","ast-banner-title-visibility":"","ast-main-header-display":"","ast-hfb-above-header-display":"","ast-hfb-below-header-display":"","ast-hfb-mobile-header-display":"","site-post-title":"","ast-breadcrumbs-content":"","ast-featured-img":"","footer-sml-layout":"","theme-transparent-header-meta":"default","adv-header-id-meta":"","stick-header-meta":"","header-above-stick-meta":"","header-main-stick-meta":"","header-below-stick-meta":"","astra-migrate-meta-layouts":"set","ast-page-background-enabled":"default","ast-page-background-meta":{"desktop":{"background-color":"","background-image":"","background-repeat":"repeat","background-position":"center center","background-size":"auto","background-attachment":"scroll","background-type":"","background-media":"","overlay-type":"","overlay-color":"","overlay-opacity":"","overlay-gradient":""},"tablet":{"background-color":"","background-image":"","background-repeat":"repeat","background-position":"center center","background-size":"auto","background-attachment":"scroll","background-type":"","background-media":"","overlay-type":"","overlay-color":"","overlay-opacity":"","overlay-gradient":""},"mobile":{"background-color":"","background-image":"","background-repeat":"repeat","background-position":"center center","background-size":"auto","background-attachment":"scroll","background-type":"","background-media":"","overlay-type":"","overlay-color":"","overlay-opacity":"","overlay-gradient":""}},"ast-content-background-meta":{"desktop":{"background-color":"var(--ast-global-color-5)","background-image":"","background-repeat":"repeat","background-position":"center center","background-size":"auto","background-attachment":"scroll","background-type":"","background-media":"","overlay-type":"","overlay-color":"","overlay-opacity":"","overlay-gradient":""},"tablet":{"background-color":"var(--ast-global-color-5)","background-image":"","background-repeat":"repeat","background-position":"center center","background-size":"auto","background-attachment":"scroll","background-type":"","background-media":"","overlay-type":"","overlay-color":"","overlay-opacity":"","overlay-gradient":""},"mobile":{"background-color":"var(--ast-global-color-5)","background-image":"","background-repeat":"repeat","background-position":"center center","background-size":"auto","background-attachment":"scroll","background-type":"","background-media":"","overlay-type":"","overlay-color":"","overlay-opacity":"","overlay-gradient":""}}},"product_brand":[],"product_cat":[45,58],"product_tag":[],"class_list":{"0":"post-9003","1":"product","2":"type-product","3":"status-publish","4":"has-post-thumbnail","6":"product_cat-steel-grating","7":"product_cat-heavy-duty-steel-grating","8":"desktop-align-center","9":"tablet-align-center","10":"mobile-align-center","12":"first","13":"instock","14":"featured","15":"shipping-taxable","16":"product-type-simple"},"_links":{"self":[{"href":"https:\/\/www.steelgratingchina.com\/ja\/wp-json\/wp\/v2\/product\/9003","targetHints":{"allow":["GET"]}}],"collection":[{"href":"https:\/\/www.steelgratingchina.com\/ja\/wp-json\/wp\/v2\/product"}],"about":[{"href":"https:\/\/www.steelgratingchina.com\/ja\/wp-json\/wp\/v2\/types\/product"}],"version-history":[{"count":7,"href":"https:\/\/www.steelgratingchina.com\/ja\/wp-json\/wp\/v2\/product\/9003\/revisions"}],"predecessor-version":[{"id":9011,"href":"https:\/\/www.steelgratingchina.com\/ja\/wp-json\/wp\/v2\/product\/9003\/revisions\/9011"}],"wp:featuredmedia":[{"embeddable":true,"href":"https:\/\/www.steelgratingchina.com\/ja\/wp-json\/wp\/v2\/media\/9004"}],"wp:attachment":[{"href":"https:\/\/www.steelgratingchina.com\/ja\/wp-json\/wp\/v2\/media?parent=9003"}],"wp:term":[{"taxonomy":"product_brand","embeddable":true,"href":"https:\/\/www.steelgratingchina.com\/ja\/wp-json\/wp\/v2\/product_brand?post=9003"},{"taxonomy":"product_cat","embeddable":true,"href":"https:\/\/www.steelgratingchina.com\/ja\/wp-json\/wp\/v2\/product_cat?post=9003"},{"taxonomy":"product_tag","embeddable":true,"href":"https:\/\/www.steelgratingchina.com\/ja\/wp-json\/wp\/v2\/product_tag?post=9003"}],"curies":[{"name":"wp","href":"https:\/\/api.w.org\/{rel}","templated":true}]}}