{"id":8905,"date":"2025-07-08T08:28:33","date_gmt":"2025-07-08T08:28:33","guid":{"rendered":"https:\/\/steelgratingchina.com\/?post_type=product&#038;p=8905"},"modified":"2025-07-08T08:35:39","modified_gmt":"2025-07-08T08:35:39","slug":"steel-trench-cover-grating","status":"publish","type":"product","link":"https:\/\/www.steelgratingchina.com\/pt\/produto\/steel-trench-cover-grating\/","title":{"rendered":"Grelha de a\u00e7o para cobertura de valas"},"content":{"rendered":"<div data-elementor-type=\"product-post\" data-elementor-id=\"8905\" class=\"elementor elementor-8905\" data-elementor-post-type=\"product\">\n\t\t\t\t<div class=\"elementor-element elementor-element-4e8d818 e-flex e-con-boxed e-con e-parent\" data-id=\"4e8d818\" data-element_type=\"container\">\n\t\t\t\t\t<div class=\"e-con-inner\">\n\t\t\t\t<div class=\"elementor-element elementor-element-1e63fa7a elementor-widget elementor-widget-text-editor\" data-id=\"1e63fa7a\" data-element_type=\"widget\" data-widget_type=\"text-editor.default\">\n\t\t\t\t<div class=\"elementor-widget-container\">\n\t\t\t\t\t\t\t\t\t\n<div class=\"mult_gird\" style=\"margin: 0px 0px 0px; padding: 0px; font-family: Poppins-Regular; color: #666666; display: grid; grid-template-columns: repeat(2, 1fr); gap: 40px;\">\n<div class=\"item\" style=\"margin: 0px; padding: 0px; border-radius: 0px 50px 0px 0px; background-color: #f7f7f7; overflow: hidden;\">\n<div class=\"img\" style=\"margin: 0px; padding: 0px;\"><img decoding=\"async\" style=\"margin: 0px; padding: 0px; display: block; transition: 0.3s; width: 660px;\" title=\"Grelha de a\u00e7o para cobertura de valas\" src=\"https:\/\/www.sino-grating.com\/uploads\/image\/20250318\/steel-grating-trench-cover.webp\" alt=\"Steel Trench Cover Grating\" \/><\/div>\n<div class=\"title\" style=\"margin: 0px; padding: 16px; line-height: 1.4; text-align: center;\">Grelha de a\u00e7o para cobertura de valas<\/div>\n<\/div>\n<div class=\"item\" style=\"margin: 0px; padding: 0px; border-radius: 0px 50px 0px 0px; background-color: #f7f7f7; overflow: hidden;\">\n<div class=\"img\" style=\"margin: 0px; padding: 0px;\"><img decoding=\"async\" style=\"margin: 0px; padding: 0px; display: block; transition: 0.3s; width: 660px;\" title=\"Grelha de a\u00e7o para cobertura de valas\" src=\"https:\/\/www.sino-grating.com\/uploads\/image\/20250318\/steel-trench-cover-grating.webp\" alt=\"Steel Trench Cover Grating\" \/><\/div>\n<div class=\"title\" style=\"margin: 0px; padding: 16px; line-height: 1.4; text-align: center;\">Grelha de a\u00e7o para cobertura de valas<\/div>\n<\/div>\n<\/div>\n<div class=\"inner_basic\" style=\"margin: 30px 0px 0px; padding: 0px; font-family: Poppins-Regular; color: #666666;\">\n<h2 class=\"basic_title\" style=\"margin-bottom: 15px; padding-bottom: 10px; font-size: 25px; font-family: Poppins-Bold; color: #0b1011; position: relative;\">Grelha de cobertura de valas com arestas angulares<\/h2>\n<div class=\"content\" style=\"margin: 0px; padding: 0px; line-height: 30px;\">\n<p style=\"margin-bottom: 0px; font-size: 1em; color: #333333;\">A grelha de cobertura de valas com arestas angulares \u00e9 adequada para a caleira sem arestas de bet\u00e3o embutidas. A largura e o comprimento da grelha podem ser personalizados de forma flex\u00edvel.<\/p>\n<p style=\"margin-bottom: 0px; font-size: 1em; color: #333333;\"><\/p>\n<p style=\"margin-bottom: 0px; font-size: 1em; color: #333333;\">A Sino Grating apoia que todas as coberturas de valas sejam equipadas com rede met\u00e1lica anti-fuga, o que pode impedir eficazmente que pedras, folhas, etc. caiam na vala.<\/p>\n<p style=\"margin-bottom: 0px; font-size: 1em; color: #333333;\"><\/p>\n\n<\/div>\n<div class=\"mult_gird\" style=\"margin: 30px 0px 0px; padding: 0px; display: grid; grid-template-columns: repeat(2, 1fr); gap: 40px;\">\n<div class=\"item\" style=\"margin: 0px; padding: 0px; border-radius: 0px 50px 0px 0px; background-color: #f7f7f7; overflow: hidden;\">\n<div class=\"img\" style=\"margin: 0px; padding: 0px;\"><img decoding=\"async\" style=\"margin: 0px; padding: 0px; display: block; transition: 0.3s; width: 660px;\" title=\"Grelha de cobertura de valas com arestas angulares\" src=\"https:\/\/www.sino-grating.com\/uploads\/image\/20250318\/galvanized-drainage-grates.webp\" alt=\"Angle Edged Trench Cover Grating\" \/><\/div>\n<div class=\"title\" style=\"margin: 0px; padding: 16px; line-height: 1.4; text-align: center;\">Grelha de cobertura de valas com arestas angulares<\/div>\n<\/div>\n<div class=\"item\" style=\"margin: 0px; padding: 0px; border-radius: 0px 50px 0px 0px; background-color: #f7f7f7; overflow: hidden;\">\n<div class=\"img\" style=\"margin: 0px; padding: 0px;\"><img decoding=\"async\" style=\"margin: 0px; padding: 0px; display: block; transition: 0.3s; width: 660px;\" title=\"Grelha de cobertura de valas com arestas angulares\" src=\"https:\/\/www.sino-grating.com\/uploads\/image\/20250318\/ditch-cover-steel-grating.webp\" alt=\"Angle Edged Trench Cover Grating\" \/><\/div>\n<div class=\"title\" style=\"margin: 0px; padding: 16px; line-height: 1.4; text-align: center;\">Grelha de cobertura de valas com arestas angulares<\/div>\n<\/div>\n<div class=\"item\" style=\"margin: 0px; padding: 0px; border-radius: 0px 50px 0px 0px; background-color: #f7f7f7; overflow: hidden;\">\n<div class=\"img\" style=\"margin: 0px; padding: 0px;\"><img decoding=\"async\" style=\"margin: 0px; padding: 0px; display: block; transition: 0.3s; width: 660px;\" title=\"Grelha de cobertura de valas com arestas angulares\" src=\"https:\/\/www.sino-grating.com\/uploads\/image\/20250318\/steel-driveway-grates.webp\" alt=\"Angle Edged Trench Cover Grating\" \/><\/div>\n<div class=\"title\" style=\"margin: 0px; padding: 16px; line-height: 1.4; text-align: center;\">Grelha de cobertura de valas com arestas angulares<\/div>\n<\/div>\n<div class=\"item\" style=\"margin: 0px; padding: 0px; border-radius: 0px 50px 0px 0px; background-color: #f7f7f7; overflow: hidden;\">\n<div class=\"img\" style=\"margin: 0px; padding: 0px;\"><img decoding=\"async\" style=\"margin: 0px; padding: 0px; display: block; transition: 0.3s; width: 660px;\" title=\"Grelha de cobertura de valas com arestas angulares\" src=\"https:\/\/www.sino-grating.com\/uploads\/image\/20250318\/steel-trench-cover-grating_20250318105322.webp\" alt=\"Angle Edged Trench Cover Grating\" \/><\/div>\n<div class=\"title\" style=\"margin: 0px; padding: 16px; line-height: 1.4; text-align: center;\">Grelha de cobertura de valas com arestas angulares<\/div>\n<\/div>\n<\/div>\n<\/div>\n<div class=\"inner_basic\" style=\"margin: 30px 0px 0px; padding: 0px; font-family: Poppins-Regular; color: #666666;\">\n<h2 class=\"basic_title\" style=\"margin-bottom: 15px; padding-bottom: 10px; font-size: 25px; font-family: Poppins-Bold; color: #0b1011; position: relative;\">Tampa de grade de vala aberta e fechada<\/h2>\n<div class=\"content\" style=\"margin: 0px; padding: 0px; line-height: 30px;\">\n<p style=\"margin-bottom: 0px; font-size: 1em; color: #333333;\">A Sino Grating fornece uma solu\u00e7\u00e3o completa de arma\u00e7\u00f5es e coberturas embutidas. Os clientes podem escolher entre v\u00e1rios modelos de coberturas basculantes. Tamb\u00e9m podemos produzir de acordo com o seu desenho.<\/p>\n\n<\/div>\n<div class=\"mult_gird active\" style=\"margin: 30px 0px 0px; padding: 0px; display: grid; grid-template-columns: repeat(3, 1fr); gap: 40px;\">\n<div class=\"item\" style=\"margin: 0px; padding: 0px; border-radius: 0px 50px 0px 0px; background-color: #f7f7f7; overflow: hidden;\">\n<div class=\"img\" style=\"margin: 0px; padding: 0px;\"><img decoding=\"async\" style=\"margin: 0px; padding: 0px; display: block; transition: 0.3s; width: 426.656px;\" title=\"Grelha de a\u00e7o para cobertura de valas\" src=\"https:\/\/www.sino-grating.com\/uploads\/image\/20250318\/galvanized-drainage-grates_20250318110511.webp\" alt=\"Steel Trench Cover Grating\" \/><\/div>\n<div class=\"title\" style=\"margin: 0px; padding: 16px; line-height: 1.4; text-align: center;\">Grelha de a\u00e7o para cobertura de valas<\/div>\n<\/div>\n<div class=\"item\" style=\"margin: 0px; padding: 0px; border-radius: 0px 50px 0px 0px; background-color: #f7f7f7; overflow: hidden;\">\n<div class=\"img\" style=\"margin: 0px; padding: 0px;\"><img decoding=\"async\" style=\"margin: 0px; padding: 0px; display: block; transition: 0.3s; width: 426.672px;\" title=\"Grelha de a\u00e7o para cobertura de valas\" src=\"https:\/\/www.sino-grating.com\/uploads\/image\/20250318\/ditch-cover-steel-grating_20250318110511.webp\" alt=\"Steel Trench Cover Grating\" \/><\/div>\n<div class=\"title\" style=\"margin: 0px; padding: 16px; line-height: 1.4; text-align: center;\">Grelha de a\u00e7o para cobertura de valas<\/div>\n<\/div>\n<div class=\"item\" style=\"margin: 0px; padding: 0px; border-radius: 0px 50px 0px 0px; background-color: #f7f7f7; overflow: hidden;\">\n<div class=\"img\" style=\"margin: 0px; padding: 0px;\"><img decoding=\"async\" style=\"margin: 0px; padding: 0px; display: block; transition: 0.3s; width: 426.656px;\" title=\"Grelha de a\u00e7o para cobertura de valas\" src=\"https:\/\/www.sino-grating.com\/uploads\/image\/20250318\/steel-grating-trench-cover_20250318110511.webp\" alt=\"Steel Trench Cover Grating\" \/><\/div>\n<div class=\"title\" style=\"margin: 0px; padding: 16px; line-height: 1.4; text-align: center;\">Grelha de a\u00e7o para cobertura de valas<\/div>\n<\/div>\n<\/div>\n<\/div>\n<div class=\"inner_basic\" style=\"margin: 30px 0px 0px; padding: 0px; font-family: Poppins-Regular; color: #666666;\">\n<h2 class=\"basic_title\" style=\"margin-bottom: 15px; padding-bottom: 10px; font-size: 25px; font-family: Poppins-Bold; color: #0b1011; position: relative;\">Aplica\u00e7\u00e3o da grelha de cobertura de trincheira de a\u00e7o<\/h2>\n<div class=\"content\" style=\"margin: 0px; padding: 0px; line-height: 30px;\">\n<p style=\"margin-bottom: 0px; font-size: 1em; color: #333333;\"><strong style=\"margin: 0px; padding: 0px; color: #666666;\">Clicar\u00a0<a style=\"margin: 0px; padding: 0px; font-size: 1em; color: #666666; display: inline-block; text-decoration-line: underline; transition-duration: 0.3s; transition-timing-function: ease; transition-property: all;\" href=\"https:\/\/www.sino-grating.com\/products\/trench-cover-grating.html\" target=\"_self\">aqui<\/a>\u00a0para ver a aplica\u00e7\u00e3o da grelha de a\u00e7o para cobertura de valas.<\/strong><\/p>\n\n<\/div>\n<div class=\"mult_gird active\" style=\"margin: 30px 0px 0px; padding: 0px; display: grid; grid-template-columns: repeat(3, 1fr); gap: 40px;\">\n<div class=\"item\" style=\"margin: 0px; padding: 0px; border-radius: 0px 50px 0px 0px; background-color: #f7f7f7; overflow: hidden;\">\n<div class=\"img\" style=\"margin: 0px; padding: 0px;\"><img decoding=\"async\" style=\"margin: 0px; padding: 0px; display: block; transition: 0.3s; width: 426.656px;\" title=\"Aplica\u00e7\u00e3o da grelha de cobertura de trincheira de a\u00e7o\" src=\"https:\/\/www.sino-grating.com\/uploads\/image\/20250318\/galvanized-drainage-grates_20250318111107.webp\" alt=\"Application of Steel Trench Cover Grating\" \/><\/div>\n<div class=\"title\" style=\"margin: 0px; padding: 16px; line-height: 1.4; text-align: center;\">Aplica\u00e7\u00e3o da grelha de cobertura de trincheira de a\u00e7o<\/div>\n<\/div>\n<div class=\"item\" style=\"margin: 0px; padding: 0px; border-radius: 0px 50px 0px 0px; background-color: #f7f7f7; overflow: hidden;\">\n<div class=\"img\" style=\"margin: 0px; padding: 0px;\"><img decoding=\"async\" style=\"margin: 0px; padding: 0px; display: block; transition: 0.3s; width: 426.672px;\" title=\"Aplica\u00e7\u00e3o da grelha de cobertura de trincheira de a\u00e7o\" src=\"https:\/\/www.sino-grating.com\/uploads\/image\/20250318\/steel-trench-cover-grating_20250318111107.webp\" alt=\"Application of Steel Trench Cover Grating\" \/><\/div>\n<div class=\"title\" style=\"margin: 0px; padding: 16px; line-height: 1.4; text-align: center;\">Aplica\u00e7\u00e3o da grelha de cobertura de trincheira de a\u00e7o<\/div>\n<\/div>\n<div class=\"item\" style=\"margin: 0px; padding: 0px; border-radius: 0px 50px 0px 0px; background-color: #f7f7f7; overflow: hidden;\">\n<div class=\"img\" style=\"margin: 0px; padding: 0px;\"><img decoding=\"async\" style=\"margin: 0px; padding: 0px; display: block; transition: 0.3s; width: 426.656px;\" title=\"Aplica\u00e7\u00e3o da grelha de cobertura de trincheira de a\u00e7o\" src=\"https:\/\/www.sino-grating.com\/uploads\/image\/20250318\/steel-driveway-grates_20250318111108.webp\" alt=\"Application of Steel Trench Cover Grating\" \/><\/div>\n<div class=\"title\" style=\"margin: 0px; padding: 16px; line-height: 1.4; text-align: center;\">Aplica\u00e7\u00e3o da grelha de cobertura de trincheira de a\u00e7o<\/div>\n<\/div>\n<\/div>\n<\/div>\t\t\t\t\t\t\t\t<\/div>\n\t\t\t\t<\/div>\n\t\t\t\t\t<\/div>\n\t\t\t\t<\/div>\n\t\t\t\t<\/div>","protected":false},"excerpt":{"rendered":"<p>A Sino Grating possui uma vasta experi\u00eancia no fabrico de tampas de valas, desde tampas de valas com bordas de ferro angular instaladas diretamente a tampas que podem ser abertas\/fechadas e at\u00e9 tampas de valas curvas.<\/p>","protected":false},"featured_media":8906,"template":"","meta":{"site-sidebar-layout":"default","site-content-layout":"","ast-site-content-layout":"default","site-content-style":"default","site-sidebar-style":"default","ast-global-header-display":"","ast-banner-title-visibility":"","ast-main-header-display":"","ast-hfb-above-header-display":"","ast-hfb-below-header-display":"","ast-hfb-mobile-header-display":"","site-post-title":"","ast-breadcrumbs-content":"","ast-featured-img":"","footer-sml-layout":"","theme-transparent-header-meta":"default","adv-header-id-meta":"","stick-header-meta":"","header-above-stick-meta":"","header-main-stick-meta":"","header-below-stick-meta":"","astra-migrate-meta-layouts":"set","ast-page-background-enabled":"default","ast-page-background-meta":{"desktop":{"background-color":"","background-image":"","background-repeat":"repeat","background-position":"center center","background-size":"auto","background-attachment":"scroll","background-type":"","background-media":"","overlay-type":"","overlay-color":"","overlay-opacity":"","overlay-gradient":""},"tablet":{"background-color":"","background-image":"","background-repeat":"repeat","background-position":"center center","background-size":"auto","background-attachment":"scroll","background-type":"","background-media":"","overlay-type":"","overlay-color":"","overlay-opacity":"","overlay-gradient":""},"mobile":{"background-color":"","background-image":"","background-repeat":"repeat","background-position":"center center","background-size":"auto","background-attachment":"scroll","background-type":"","background-media":"","overlay-type":"","overlay-color":"","overlay-opacity":"","overlay-gradient":""}},"ast-content-background-meta":{"desktop":{"background-color":"var(--ast-global-color-5)","background-image":"","background-repeat":"repeat","background-position":"center center","background-size":"auto","background-attachment":"scroll","background-type":"","background-media":"","overlay-type":"","overlay-color":"","overlay-opacity":"","overlay-gradient":""},"tablet":{"background-color":"var(--ast-global-color-5)","background-image":"","background-repeat":"repeat","background-position":"center center","background-size":"auto","background-attachment":"scroll","background-type":"","background-media":"","overlay-type":"","overlay-color":"","overlay-opacity":"","overlay-gradient":""},"mobile":{"background-color":"var(--ast-global-color-5)","background-image":"","background-repeat":"repeat","background-position":"center center","background-size":"auto","background-attachment":"scroll","background-type":"","background-media":"","overlay-type":"","overlay-color":"","overlay-opacity":"","overlay-gradient":""}}},"product_brand":[],"product_cat":[72,46],"product_tag":[],"class_list":{"0":"post-8905","1":"product","2":"type-product","3":"status-publish","4":"has-post-thumbnail","6":"product_cat-steel-trench-cover-grating","7":"product_cat-structure","8":"desktop-align-center","9":"tablet-align-center","10":"mobile-align-center","12":"first","13":"instock","14":"shipping-taxable","15":"product-type-simple"},"_links":{"self":[{"href":"https:\/\/www.steelgratingchina.com\/pt\/wp-json\/wp\/v2\/product\/8905","targetHints":{"allow":["GET"]}}],"collection":[{"href":"https:\/\/www.steelgratingchina.com\/pt\/wp-json\/wp\/v2\/product"}],"about":[{"href":"https:\/\/www.steelgratingchina.com\/pt\/wp-json\/wp\/v2\/types\/product"}],"version-history":[{"count":4,"href":"https:\/\/www.steelgratingchina.com\/pt\/wp-json\/wp\/v2\/product\/8905\/revisions"}],"predecessor-version":[{"id":8910,"href":"https:\/\/www.steelgratingchina.com\/pt\/wp-json\/wp\/v2\/product\/8905\/revisions\/8910"}],"wp:featuredmedia":[{"embeddable":true,"href":"https:\/\/www.steelgratingchina.com\/pt\/wp-json\/wp\/v2\/media\/8906"}],"wp:attachment":[{"href":"https:\/\/www.steelgratingchina.com\/pt\/wp-json\/wp\/v2\/media?parent=8905"}],"wp:term":[{"taxonomy":"product_brand","embeddable":true,"href":"https:\/\/www.steelgratingchina.com\/pt\/wp-json\/wp\/v2\/product_brand?post=8905"},{"taxonomy":"product_cat","embeddable":true,"href":"https:\/\/www.steelgratingchina.com\/pt\/wp-json\/wp\/v2\/product_cat?post=8905"},{"taxonomy":"product_tag","embeddable":true,"href":"https:\/\/www.steelgratingchina.com\/pt\/wp-json\/wp\/v2\/product_tag?post=8905"}],"curies":[{"name":"wp","href":"https:\/\/api.w.org\/{rel}","templated":true}]}}