{"id":8911,"date":"2025-07-08T08:40:22","date_gmt":"2025-07-08T08:40:22","guid":{"rendered":"https:\/\/steelgratingchina.com\/?post_type=product&#038;p=8911"},"modified":"2025-07-22T08:03:18","modified_gmt":"2025-07-22T08:03:18","slug":"ball-joint-handrail","status":"publish","type":"product","link":"https:\/\/www.steelgratingchina.com\/pt\/produto\/ball-joint-handrail\/","title":{"rendered":"Corrim\u00e3o de junta esf\u00e9rica"},"content":{"rendered":"<div data-elementor-type=\"product-post\" data-elementor-id=\"8911\" class=\"elementor elementor-8911\" data-elementor-post-type=\"product\">\n\t\t\t\t<div class=\"elementor-element elementor-element-63e51faf e-flex e-con-boxed e-con e-parent\" data-id=\"63e51faf\" data-element_type=\"container\">\n\t\t\t\t\t<div class=\"e-con-inner\">\n\t\t\t\t<div class=\"elementor-element elementor-element-79d048b2 elementor-widget elementor-widget-text-editor\" data-id=\"79d048b2\" data-element_type=\"widget\" data-widget_type=\"text-editor.default\">\n\t\t\t\t<div class=\"elementor-widget-container\">\n\t\t\t\t\t\t\t\t\t<div class=\"inner_basic\" style=\"margin: 0px 0px 0px; padding: 0px; font-family: Poppins-Regular; color: #666666;\">\n<h2 class=\"basic_title\" style=\"margin-bottom: 15px; padding-bottom: 10px; font-size: 25px; font-family: Poppins-Bold; color: #0b1011; position: relative;\">Carater\u00edsticas do corrim\u00e3o de junta esf\u00e9rica<\/h2>\n<div class=\"content\" style=\"margin: 0px; padding: 0px; line-height: 30px;\">\n<ul class=\"list-paddingleft-2\" style=\"margin-bottom: 0px; margin-left: 0px; padding-left: 20px; font-size: 16px;\">\n \t<li style=\"font-size: 16px; list-style: outside disc;\">\n<p style=\"margin-bottom: 0px; font-size: 1em; color: #333333;\">F\u00e1cil de instalar:<\/p>\n<p style=\"margin-bottom: 0px; font-size: 1em; color: #333333;\">A conce\u00e7\u00e3o modular torna a instala\u00e7\u00e3o f\u00e1cil e r\u00e1pida, o que pode encurtar o per\u00edodo de constru\u00e7\u00e3o e reduzir os custos de m\u00e3o de obra.<\/p>\n<p style=\"margin-bottom: 0px; font-size: 1em; color: #333333;\"><\/p>\n<\/li>\n \t<li style=\"font-size: 16px; list-style: outside disc;\">\n<p style=\"margin-bottom: 0px; font-size: 1em; color: #333333;\">Resistente e duradouro:<\/p>\n<p style=\"margin-bottom: 0px; font-size: 1em; color: #333333;\">A liga\u00e7\u00e3o esf\u00e9rica torna a sua estrutura forte e pode suportar press\u00e3o e impacto de alta intensidade, com boa estabilidade e resist\u00eancia ao impacto.<\/p>\n<p style=\"margin-bottom: 0px; font-size: 1em; color: #333333;\"><\/p>\n<\/li>\n \t<li style=\"font-size: 16px; list-style: outside disc;\">\n<p style=\"margin-bottom: 0px; font-size: 1em; color: #333333;\">Bonito e inovador:<\/p>\n<p style=\"margin-bottom: 0px; font-size: 1em; color: #333333;\">A forma simples e suave e as linhas brilhantes d\u00e3o \u00e0s pessoas uma sensa\u00e7\u00e3o de modernidade e de moda, que pode ser integrada em v\u00e1rios estilos arquitect\u00f3nicos.<\/p>\n<p style=\"margin-bottom: 0px; font-size: 1em; color: #333333;\"><\/p>\n<\/li>\n \t<li style=\"font-size: 16px; list-style: outside disc;\">\n<p style=\"margin-bottom: 0px; font-size: 1em; color: #333333;\">Resist\u00eancia \u00e0 corros\u00e3o:<\/p>\n<p style=\"margin-bottom: 0px; font-size: 1em; color: #333333;\">Normalmente, s\u00e3o utilizados materiais galvanizados a quente ou de a\u00e7o inoxid\u00e1vel, que podem resistir eficazmente \u00e0 corros\u00e3o, \u00e0 oxida\u00e7\u00e3o e a outras eros\u00f5es qu\u00edmicas, prolongar a vida \u00fatil e reduzir os custos de manuten\u00e7\u00e3o.<\/p>\n<p style=\"margin-bottom: 0px; font-size: 1em; color: #333333;\"><\/p>\n<\/li>\n \t<li style=\"font-size: 16px; list-style: outside disc;\">\n<p style=\"margin-bottom: 0px; font-size: 1em; color: #333333;\">Altamente personaliz\u00e1vel:<\/p>\n<p style=\"margin-bottom: 0px; font-size: 1em; color: #333333;\">Os utilizadores podem escolher livremente par\u00e2metros como o espa\u00e7amento entre colunas, o di\u00e2metro do corrim\u00e3o, a altura do corrim\u00e3o, etc., de acordo com os requisitos do projeto, para satisfazer as necessidades reais de diferentes locais de constru\u00e7\u00e3o.<\/p>\n<\/li>\n<\/ul>\n<p style=\"margin-bottom: 0px; font-size: 1em; color: #333333;\"><\/p>\n\n<\/div>\n<div class=\"mult_gird\" style=\"margin: 30px 0px 0px; padding: 0px; display: grid; grid-template-columns: repeat(2, 1fr); gap: 40px;\">\n<div class=\"item\" style=\"margin: 0px; padding: 0px; border-radius: 0px 50px 0px 0px; background-color: #f7f7f7; overflow: hidden;\">\n<div class=\"img\" style=\"margin: 0px; padding: 0px;\"><img decoding=\"async\" style=\"margin: 0px; padding: 0px; display: block; transition: 0.3s; width: 660px;\" title=\"Corrim\u00e3o de junta esf\u00e9rica\" src=\"https:\/\/www.sino-grating.com\/uploads\/image\/20250317\/ball-joint-railing.webp\" alt=\"Ball Joint Handrail\" \/><\/div>\n<div class=\"title\" style=\"margin: 0px; padding: 16px; line-height: 1.4; text-align: center;\">Corrim\u00e3o de junta esf\u00e9rica<\/div>\n<\/div>\n<div class=\"item\" style=\"margin: 0px; padding: 0px; border-radius: 0px 50px 0px 0px; background-color: #f7f7f7; overflow: hidden;\">\n<div class=\"img\" style=\"margin: 0px; padding: 0px;\"><img decoding=\"async\" style=\"margin: 0px; padding: 0px; display: block; transition: 0.3s; width: 660px;\" title=\"Corrim\u00e3o de junta esf\u00e9rica\" src=\"https:\/\/www.sino-grating.com\/uploads\/image\/20250317\/ball-joint-handrail_20250317161611.webp\" alt=\"Ball Joint Handrail\" \/><\/div>\n<div class=\"title\" style=\"margin: 0px; padding: 16px; line-height: 1.4; text-align: center;\">Corrim\u00e3o de junta esf\u00e9rica<\/div>\n<\/div>\n<\/div>\n<\/div>\n<div class=\"inner_basic\" style=\"margin: 30px 0px 0px; padding: 0px; font-family: Poppins-Regular; color: #666666;\">\n<h2 class=\"basic_title\" style=\"margin-bottom: 15px; padding-bottom: 10px; font-size: 25px; font-family: Poppins-Bold; color: #0b1011; position: relative;\">Especifica\u00e7\u00e3o do gradeamento da junta esf\u00e9rica<\/h2>\n<div class=\"content\" style=\"margin: 0px; padding: 0px; line-height: 30px;\">\n<p style=\"margin-bottom: 0px; font-size: 1em; color: #333333;\"><img decoding=\"async\" style=\"margin: 0px auto; padding: 0px; color: #666666; display: block; transition: 0.3s; width: 2000px;\" title=\"produtos de grelha de a\u00e7o\" src=\"https:\/\/www.sino-grating.com\/uploads\/image\/20250319\/steel-grating-products.jpg\" alt=\"steel grating products\" width=\"2000\" \/><\/p>\n<p style=\"margin-bottom: 0px; font-size: 1em; color: #333333;\"><img decoding=\"async\" style=\"margin: 0px auto; padding: 0px; color: #666666; display: block; transition: 0.3s; width: 1940px;\" title=\"grelha de a\u00e7o china\" src=\"https:\/\/www.sino-grating.com\/uploads\/image\/20250319\/steel-grating-china.jpg\" alt=\"steel grating china\" width=\"1940\" \/><\/p>\n<p style=\"margin-bottom: 0px; font-size: 1em; color: #333333;\"><img decoding=\"async\" style=\"margin: 0px auto; padding: 0px; color: #666666; display: block; transition: 0.3s; width: 2000px;\" title=\"grelha de a\u00e7o-defini\u00e7\u00e3o.jpg\" src=\"https:\/\/www.sino-grating.com\/uploads\/image\/20250319\/steel-grating-definition.jpg\" alt=\"steel-grating-definition.jpg\" width=\"2000\" \/><\/p>\n<p style=\"margin-bottom: 0px; font-size: 1em; color: #333333;\"><\/p>\n\n<\/div>\n\n<div class=\"inner_basic\" style=\"margin: 30px 0px 0px; padding: 0px; font-family: Poppins-Regular; color: #666666;\">\n<h2 class=\"basic_title\" style=\"margin-bottom: 15px; padding-bottom: 10px; font-size: 25px; font-family: Poppins-Bold; color: #0b1011; position: relative;\">M\u00e9todo de instala\u00e7\u00e3o do corrim\u00e3o de junta esf\u00e9rica<\/h2>\n<div class=\"content\" style=\"margin: 0px; padding: 0px; line-height: 30px;\">\n<ul class=\"list-paddingleft-2\" style=\"margin-bottom: 0px; margin-left: 0px; padding-left: 20px; font-size: 16px;\">\n \t<li style=\"font-size: 16px; list-style: outside disc;\">\n<p style=\"margin-bottom: 0px; font-size: 1em; color: #333333;\">Instala\u00e7\u00e3o na coluna: Pode ser soldada na estrutura de ferro ou a\u00e7o embutida, ou instalada no solo n\u00e3o met\u00e1lico com parafusos de expans\u00e3o, e tamb\u00e9m pode ser instalada na estrutura de a\u00e7o com parafusos hexagonais.<\/p>\n<p style=\"margin-bottom: 0px; font-size: 1em; color: #333333;\"><\/p>\n<\/li>\n \t<li style=\"font-size: 16px; list-style: outside disc;\">\n<p style=\"margin-bottom: 0px; font-size: 1em; color: #333333;\">Liga\u00e7\u00e3o entre o tubo e a coluna, o tubo e o tubo: geralmente adoptam o m\u00e9todo de soldadura do n\u00facleo do tubo.<\/p>\n<p style=\"margin-bottom: 0px; font-size: 1em; color: #333333;\"><\/p>\n<\/li>\n \t<li style=\"font-size: 16px; list-style: outside disc;\">\n<p style=\"margin-bottom: 0px; font-size: 1em; color: #333333;\">Liga\u00e7\u00e3o nos cantos e nas extremidades: Os cantos t\u00eam de ser especialmente concebidos e ligados de acordo com as condi\u00e7\u00f5es reais; os m\u00e9todos de liga\u00e7\u00e3o nas extremidades incluem soldadura, inser\u00e7\u00e3o por perfura\u00e7\u00e3o na parede, assento do tubo, cabe\u00e7a, coluna de orif\u00edcio cego, etc<\/p>\n<\/li>\n<\/ul>\n<p style=\"margin-bottom: 0px; font-size: 1em; color: #333333;\"><\/p>\n\n<\/div>\n<div class=\"mult_gird active\" style=\"margin: 30px 0px 0px; padding: 0px; display: grid; grid-template-columns: repeat(3, 1fr); gap: 40px;\">\n<div class=\"item\" style=\"margin: 0px; padding: 0px; border-radius: 0px 50px 0px 0px; background-color: #f7f7f7; overflow: hidden;\">\n<div class=\"img\" style=\"margin: 0px; padding: 0px;\"><img decoding=\"async\" style=\"margin: 0px; padding: 0px; display: block; transition: 0.3s; width: 426.656px;\" title=\"Corrim\u00e3o de junta esf\u00e9rica\" src=\"https:\/\/www.sino-grating.com\/uploads\/image\/20250317\/ball-joint-handrail_20250317164345.webp\" alt=\"Ball Joint Handrail\" \/><\/div>\n<div class=\"title\" style=\"margin: 0px; padding: 16px; line-height: 1.4; text-align: center;\">Corrim\u00e3o de junta esf\u00e9rica<\/div>\n<\/div>\n<div class=\"item\" style=\"margin: 0px; padding: 0px; border-radius: 0px 50px 0px 0px; background-color: #f7f7f7; overflow: hidden;\">\n<div class=\"img\" style=\"margin: 0px; padding: 0px;\"><img decoding=\"async\" style=\"margin: 0px; padding: 0px; display: block; transition: 0.3s; width: 426.672px;\" title=\"Corrim\u00e3o de junta esf\u00e9rica\" src=\"https:\/\/www.sino-grating.com\/uploads\/image\/20250317\/ball-joint-railing_20250317164346.webp\" alt=\"Ball Joint Handrail\" \/><\/div>\n<div class=\"title\" style=\"margin: 0px; padding: 16px; line-height: 1.4; text-align: center;\">Corrim\u00e3o de junta esf\u00e9rica<\/div>\n<\/div>\n<div class=\"item\" style=\"margin: 0px; padding: 0px; border-radius: 0px 50px 0px 0px; background-color: #f7f7f7; overflow: hidden;\">\n<div class=\"img\" style=\"margin: 0px; padding: 0px;\"><img decoding=\"async\" style=\"margin: 0px; padding: 0px; display: block; transition: 0.3s; width: 426.656px;\" title=\"Corrim\u00e3o de junta esf\u00e9rica\" src=\"https:\/\/www.sino-grating.com\/uploads\/image\/20250317\/handrail-ball-joint_20250317164346.webp\" alt=\"Ball Joint Handrail\" \/><\/div>\n<div class=\"title\" style=\"margin: 0px; padding: 16px; line-height: 1.4; text-align: center;\">Corrim\u00e3o de junta esf\u00e9rica<\/div>\n<\/div>\n<\/div>\n<\/div>\n<div class=\"inner_basic\" style=\"margin: 30px 0px 0px; padding: 0px; font-family: Poppins-Regular; color: #666666;\">\n<h2 class=\"basic_title\" style=\"margin-bottom: 15px; padding-bottom: 10px; font-size: 25px; font-family: Poppins-Bold; color: #0b1011; position: relative;\">V\u00e1rios m\u00e9todos de tratamento de superf\u00edcie<\/h2>\n<div class=\"mult_gird\" style=\"margin: 30px 0px 0px; padding: 0px; display: grid; grid-template-columns: repeat(2, 1fr); gap: 40px;\">\n<div class=\"item\" style=\"margin: 0px; padding: 0px; border-radius: 0px 50px 0px 0px; background-color: #f7f7f7; overflow: hidden;\">\n<div class=\"img\" style=\"margin: 0px; padding: 0px;\"><img decoding=\"async\" style=\"margin: 0px; padding: 0px; display: block; transition: 0.3s; width: 660px;\" title=\"Superf\u00edcie pintada\" src=\"https:\/\/www.sino-grating.com\/uploads\/image\/20250317\/ball-joint-handrail_20250317164857.webp\" alt=\"Surface Painted\" \/><\/div>\n<div class=\"title\" style=\"margin: 0px; padding: 16px; line-height: 1.4; text-align: center;\">Superf\u00edcie pintada<\/div>\n<\/div>\n<div class=\"item\" style=\"margin: 0px; padding: 0px; border-radius: 0px 50px 0px 0px; background-color: #f7f7f7; overflow: hidden;\">\n<div class=\"img\" style=\"margin: 0px; padding: 0px;\"><img decoding=\"async\" style=\"margin: 0px; padding: 0px; display: block; transition: 0.3s; width: 660px;\" title=\"Galvaniza\u00e7\u00e3o por imers\u00e3o a quente\" src=\"https:\/\/www.sino-grating.com\/uploads\/image\/20250317\/ball-joint-railing_20250317164857.webp\" alt=\"Hot Dip Galvanization\" \/><\/div>\n<div class=\"title\" style=\"margin: 0px; padding: 16px; line-height: 1.4; text-align: center;\">Galvaniza\u00e7\u00e3o por imers\u00e3o a quente<\/div>\n<\/div>\n<\/div>\n<\/div>\n<div class=\"inner_basic\" style=\"margin: 30px 0px 0px; padding: 0px; font-family: Poppins-Regular; color: #666666;\">\n<h2 class=\"basic_title\" style=\"margin-bottom: 15px; padding-bottom: 10px; font-size: 25px; font-family: Poppins-Bold; color: #0b1011; position: relative;\">Aplica\u00e7\u00e3o do corrim\u00e3o de junta esf\u00e9rica<\/h2>\n<div class=\"content\" style=\"margin: 0px; padding: 0px; line-height: 30px;\">\n<p style=\"margin-bottom: 0px; font-size: 1em; color: #333333;\"><strong style=\"margin: 0px; padding: 0px; color: #666666;\">Clicar\u00a0<\/strong><a style=\"margin: 0px; padding: 0px; font-size: 1em; color: #666666; display: inline-block; text-decoration-line: underline; transition-duration: 0.3s; transition-timing-function: ease; transition-property: all;\" href=\"https:\/\/www.sino-grating.com\/products\/ball-joint-railing.html\" target=\"_self\"><strong style=\"margin: 0px; padding: 0px;\">aqui<\/strong><\/a><strong style=\"margin: 0px; padding: 0px; color: #666666;\">\u00a0para ver a aplica\u00e7\u00e3o de corrim\u00e3o de junta esf\u00e9rica para minas.<\/strong><\/p>\n\n<\/div>\n<div class=\"mult_gird\" style=\"margin: 30px 0px 0px; padding: 0px; display: grid; grid-template-columns: repeat(2, 1fr); gap: 40px;\">\n<div class=\"item\" style=\"margin: 0px; padding: 0px; border-radius: 0px 50px 0px 0px; background-color: #f7f7f7; overflow: hidden;\">\n<div class=\"img\" style=\"margin: 0px; padding: 0px;\"><img decoding=\"async\" style=\"margin: 0px; padding: 0px; display: block; transition: 0.3s; width: 660px;\" title=\"Aplica\u00e7\u00e3o do corrim\u00e3o de junta esf\u00e9rica\" src=\"https:\/\/www.sino-grating.com\/uploads\/image\/20250317\/ball-joint-railing_20250317170243.webp\" alt=\"Application of Ball Joint Handrail\" \/><\/div>\n<div class=\"title\" style=\"margin: 0px; padding: 16px; line-height: 1.4; text-align: center;\">Aplica\u00e7\u00e3o do corrim\u00e3o de junta esf\u00e9rica<\/div>\n<\/div>\n<div class=\"item\" style=\"margin: 0px; padding: 0px; border-radius: 0px 50px 0px 0px; background-color: #f7f7f7; overflow: hidden;\">\n<div class=\"img\" style=\"margin: 0px; padding: 0px;\"><img decoding=\"async\" style=\"margin: 0px; padding: 0px; display: block; transition: 0.3s; width: 660px;\" title=\"Aplica\u00e7\u00e3o do corrim\u00e3o de junta esf\u00e9rica\" src=\"https:\/\/www.sino-grating.com\/uploads\/image\/20250317\/ball-joint-handrail_20250317170244.webp\" alt=\"Application of Ball Joint Handrail\" \/><\/div>\n<div class=\"title\" style=\"margin: 0px; padding: 16px; line-height: 1.4; text-align: center;\">Aplica\u00e7\u00e3o do corrim\u00e3o de junta esf\u00e9rica<\/div>\n<\/div>\n<\/div>\n<\/div>\t\t\t\t\t\t\t\t<\/div>\n\t\t\t\t<\/div>\n\t\t\t\t\t<\/div>\n\t\t\t\t<\/div>\n\t\t\t\t<\/div>","protected":false},"excerpt":{"rendered":"<p>Os carris de r\u00f3tula s\u00e3o normalmente constitu\u00eddos por colunas, barras transversais, corrim\u00f5es e r\u00f3tulas.<br \/>\nAs esferas ocas das colunas servem de pontos de liga\u00e7\u00e3o para unir componentes como corrim\u00f5es e travessas, que s\u00e3o depois fixados ao solo, a grelhas de a\u00e7o ou a outras superf\u00edcies atrav\u00e9s das placas de base na parte inferior das colunas.<\/p>","protected":false},"featured_media":8913,"template":"","meta":{"site-sidebar-layout":"default","site-content-layout":"","ast-site-content-layout":"default","site-content-style":"default","site-sidebar-style":"default","ast-global-header-display":"","ast-banner-title-visibility":"","ast-main-header-display":"","ast-hfb-above-header-display":"","ast-hfb-below-header-display":"","ast-hfb-mobile-header-display":"","site-post-title":"","ast-breadcrumbs-content":"","ast-featured-img":"","footer-sml-layout":"","theme-transparent-header-meta":"default","adv-header-id-meta":"","stick-header-meta":"","header-above-stick-meta":"","header-main-stick-meta":"","header-below-stick-meta":"","astra-migrate-meta-layouts":"set","ast-page-background-enabled":"default","ast-page-background-meta":{"desktop":{"background-color":"","background-image":"","background-repeat":"repeat","background-position":"center center","background-size":"auto","background-attachment":"scroll","background-type":"","background-media":"","overlay-type":"","overlay-color":"","overlay-opacity":"","overlay-gradient":""},"tablet":{"background-color":"","background-image":"","background-repeat":"repeat","background-position":"center center","background-size":"auto","background-attachment":"scroll","background-type":"","background-media":"","overlay-type":"","overlay-color":"","overlay-opacity":"","overlay-gradient":""},"mobile":{"background-color":"","background-image":"","background-repeat":"repeat","background-position":"center center","background-size":"auto","background-attachment":"scroll","background-type":"","background-media":"","overlay-type":"","overlay-color":"","overlay-opacity":"","overlay-gradient":""}},"ast-content-background-meta":{"desktop":{"background-color":"var(--ast-global-color-5)","background-image":"","background-repeat":"repeat","background-position":"center center","background-size":"auto","background-attachment":"scroll","background-type":"","background-media":"","overlay-type":"","overlay-color":"","overlay-opacity":"","overlay-gradient":""},"tablet":{"background-color":"var(--ast-global-color-5)","background-image":"","background-repeat":"repeat","background-position":"center center","background-size":"auto","background-attachment":"scroll","background-type":"","background-media":"","overlay-type":"","overlay-color":"","overlay-opacity":"","overlay-gradient":""},"mobile":{"background-color":"var(--ast-global-color-5)","background-image":"","background-repeat":"repeat","background-position":"center center","background-size":"auto","background-attachment":"scroll","background-type":"","background-media":"","overlay-type":"","overlay-color":"","overlay-opacity":"","overlay-gradient":""}}},"product_brand":[],"product_cat":[73,46],"product_tag":[],"class_list":{"0":"post-8911","1":"product","2":"type-product","3":"status-publish","4":"has-post-thumbnail","6":"product_cat-ball-joint-handrail","7":"product_cat-structure","8":"desktop-align-center","9":"tablet-align-center","10":"mobile-align-center","12":"first","13":"instock","14":"shipping-taxable","15":"product-type-simple"},"_links":{"self":[{"href":"https:\/\/www.steelgratingchina.com\/pt\/wp-json\/wp\/v2\/product\/8911","targetHints":{"allow":["GET"]}}],"collection":[{"href":"https:\/\/www.steelgratingchina.com\/pt\/wp-json\/wp\/v2\/product"}],"about":[{"href":"https:\/\/www.steelgratingchina.com\/pt\/wp-json\/wp\/v2\/types\/product"}],"version-history":[{"count":13,"href":"https:\/\/www.steelgratingchina.com\/pt\/wp-json\/wp\/v2\/product\/8911\/revisions"}],"predecessor-version":[{"id":10110,"href":"https:\/\/www.steelgratingchina.com\/pt\/wp-json\/wp\/v2\/product\/8911\/revisions\/10110"}],"wp:featuredmedia":[{"embeddable":true,"href":"https:\/\/www.steelgratingchina.com\/pt\/wp-json\/wp\/v2\/media\/8913"}],"wp:attachment":[{"href":"https:\/\/www.steelgratingchina.com\/pt\/wp-json\/wp\/v2\/media?parent=8911"}],"wp:term":[{"taxonomy":"product_brand","embeddable":true,"href":"https:\/\/www.steelgratingchina.com\/pt\/wp-json\/wp\/v2\/product_brand?post=8911"},{"taxonomy":"product_cat","embeddable":true,"href":"https:\/\/www.steelgratingchina.com\/pt\/wp-json\/wp\/v2\/product_cat?post=8911"},{"taxonomy":"product_tag","embeddable":true,"href":"https:\/\/www.steelgratingchina.com\/pt\/wp-json\/wp\/v2\/product_tag?post=8911"}],"curies":[{"name":"wp","href":"https:\/\/api.w.org\/{rel}","templated":true}]}}