{"id":9125,"date":"2025-07-09T07:44:19","date_gmt":"2025-07-09T07:44:19","guid":{"rendered":"https:\/\/steelgratingchina.com\/?post_type=product&#038;p=9125"},"modified":"2025-08-19T06:56:03","modified_gmt":"2025-08-19T06:56:03","slug":"304-stainless-steel-bridge-frame","status":"publish","type":"product","link":"https:\/\/www.steelgratingchina.com\/pt\/produto\/304-stainless-steel-bridge-frame\/","title":{"rendered":"Estrutura da ponte em a\u00e7o inoxid\u00e1vel 304"},"content":{"rendered":"<p><strong>Carater\u00edstica<\/strong><br \/>\nForte resist\u00eancia \u00e0 corros\u00e3o: O a\u00e7o inoxid\u00e1vel 304 cont\u00e9m mais de 18% de cr\u00f3mio e mais de 8% de n\u00edquel. Quando exposto ao ar, forma-se rapidamente uma densa \"pel\u00edcula de passiva\u00e7\u00e3o\" na superf\u00edcie, que pode isolar eficazmente o ar, a humidade e as subst\u00e2ncias corrosivas, evitar a ferrugem e a corros\u00e3o e ter uma forte estabilidade em ambientes \u00e1cidos, alcalinos, salinos e outros.<br \/>\nBeleza da superf\u00edcie: A superf\u00edcie \u00e9 lisa e brilhante, com uma cor branca prateada ou cinzenta ligeiramente brilhante, textura delicada e um certo brilho met\u00e1lico. Pode ser tratada com trefilagem, polimento de espelhos, etc., e o reflexo \u00e9 limpo e limpo, acrescentando um estilo industrial de alta qualidade ao espa\u00e7o do edif\u00edcio.<br \/>\nAlta resist\u00eancia e boa tenacidade: A estrutura tem uma elevada resist\u00eancia, uma forte resist\u00eancia \u00e0 compress\u00e3o e \u00e0 flex\u00e3o, n\u00e3o se deforma facilmente e pode suportar sistemas de cabos pesados sem ceder; elevada resist\u00eancia \u00e0 tra\u00e7\u00e3o, mais resistente ao impacto do que as chapas de a\u00e7o normais e mais est\u00e1vel em situa\u00e7\u00f5es como terramotos, temperaturas elevadas e vibra\u00e7\u00f5es.<br \/>\nSeguro e amigo do ambiente: O material \u00e9 est\u00e1vel, n\u00e3o magn\u00e9tico, n\u00e3o causa interfer\u00eancias electromagn\u00e9ticas em sistemas de corrente fraca\/automa\u00e7\u00e3o e \u00e9 isento de polui\u00e7\u00e3o. N\u00e3o tem medo de altas temperaturas nem de eros\u00e3o por gases \u00e1cidos e alcalinos, o que pode garantir o funcionamento seguro das linhas de cabos.<br \/>\nLonga vida \u00fatil: Tem boa resist\u00eancia \u00e0 corros\u00e3o, alta resist\u00eancia e estabilidade. Em condi\u00e7\u00f5es normais de utiliza\u00e7\u00e3o, a vida \u00fatil pode atingir mais de dez anos ou mesmo d\u00e9cadas, reduzindo os custos de manuten\u00e7\u00e3o e substitui\u00e7\u00e3o numa fase posterior.<\/p>\n<p><strong>\u00c1rea de aplica\u00e7\u00e3o<\/strong><br \/>\nEdif\u00edcios comerciais: Em edif\u00edcios de escrit\u00f3rios e complexos comerciais de topo de gama, os suportes para cabos em a\u00e7o inoxid\u00e1vel 304 podem ser utilizados como parte de salas de computadores abertas, salas de exposi\u00e7\u00f5es, etc. O seu toque met\u00e1lico suave pode melhorar a textura do espa\u00e7o.<br \/>\nNo dom\u00ednio industrial, em locais com elevados requisitos de resist\u00eancia \u00e0 corros\u00e3o, limpeza e estabilidade dos materiais, tais como f\u00e1bricas de produtos qu\u00edmicos, f\u00e1bricas de produtos farmac\u00eauticos e f\u00e1bricas de produtos alimentares, os suportes para cabos em a\u00e7o inoxid\u00e1vel 304 n\u00e3o s\u00e3o propensos \u00e0 acumula\u00e7\u00e3o de poeiras, n\u00e3o reproduzem bact\u00e9rias, s\u00e3o f\u00e1ceis de limpar e desinfetar e podem cumprir as normas de higiene relevantes.<br \/>\nEngenharia de energia: Em centrais el\u00e9ctricas, subesta\u00e7\u00f5es e outros locais el\u00e9ctricos, os suportes para cabos em a\u00e7o inoxid\u00e1vel 304 podem ser utilizados para a coloca\u00e7\u00e3o e prote\u00e7\u00e3o de cabos, capazes de suportar pesos pesados de cabos e garantir o funcionamento seguro das linhas de cabos.<br \/>\nCentro de dados e sala de equipamentos: Os cabos no centro de dados e na sala de equipamento s\u00e3o densos e geram muito calor. A ponte de a\u00e7o inoxid\u00e1vel 304 tem uma boa dissipa\u00e7\u00e3o de calor e resist\u00eancia ao fogo, o que pode efetivamente garantir a seguran\u00e7a e o funcionamento est\u00e1vel dos cabos.<\/p>","protected":false},"excerpt":{"rendered":"<p>O suporte para cabos em a\u00e7o inoxid\u00e1vel 304 \u00e9 um dispositivo de suporte e prote\u00e7\u00e3o de cabos feito de a\u00e7o inoxid\u00e1vel 304 como mat\u00e9ria-prima. Com as excelentes carater\u00edsticas do a\u00e7o inoxid\u00e1vel 304, \u00e9 amplamente utilizado em v\u00e1rios cen\u00e1rios<\/p>","protected":false},"featured_media":9175,"template":"","meta":{"site-sidebar-layout":"default","site-content-layout":"","ast-site-content-layout":"default","site-content-style":"default","site-sidebar-style":"default","ast-global-header-display":"","ast-banner-title-visibility":"","ast-main-header-display":"","ast-hfb-above-header-display":"","ast-hfb-below-header-display":"","ast-hfb-mobile-header-display":"","site-post-title":"","ast-breadcrumbs-content":"","ast-featured-img":"","footer-sml-layout":"","theme-transparent-header-meta":"default","adv-header-id-meta":"","stick-header-meta":"","header-above-stick-meta":"","header-main-stick-meta":"","header-below-stick-meta":"","astra-migrate-meta-layouts":"set","ast-page-background-enabled":"default","ast-page-background-meta":{"desktop":{"background-color":"","background-image":"","background-repeat":"repeat","background-position":"center center","background-size":"auto","background-attachment":"scroll","background-type":"","background-media":"","overlay-type":"","overlay-color":"","overlay-opacity":"","overlay-gradient":""},"tablet":{"background-color":"","background-image":"","background-repeat":"repeat","background-position":"center center","background-size":"auto","background-attachment":"scroll","background-type":"","background-media":"","overlay-type":"","overlay-color":"","overlay-opacity":"","overlay-gradient":""},"mobile":{"background-color":"","background-image":"","background-repeat":"repeat","background-position":"center center","background-size":"auto","background-attachment":"scroll","background-type":"","background-media":"","overlay-type":"","overlay-color":"","overlay-opacity":"","overlay-gradient":""}},"ast-content-background-meta":{"desktop":{"background-color":"var(--ast-global-color-5)","background-image":"","background-repeat":"repeat","background-position":"center center","background-size":"auto","background-attachment":"scroll","background-type":"","background-media":"","overlay-type":"","overlay-color":"","overlay-opacity":"","overlay-gradient":""},"tablet":{"background-color":"var(--ast-global-color-5)","background-image":"","background-repeat":"repeat","background-position":"center center","background-size":"auto","background-attachment":"scroll","background-type":"","background-media":"","overlay-type":"","overlay-color":"","overlay-opacity":"","overlay-gradient":""},"mobile":{"background-color":"var(--ast-global-color-5)","background-image":"","background-repeat":"repeat","background-position":"center center","background-size":"auto","background-attachment":"scroll","background-type":"","background-media":"","overlay-type":"","overlay-color":"","overlay-opacity":"","overlay-gradient":""}}},"product_brand":[],"product_cat":[78],"product_tag":[],"class_list":{"0":"post-9125","1":"product","2":"type-product","3":"status-publish","4":"has-post-thumbnail","6":"product_cat-stainless-steel-bridge-frame","7":"desktop-align-center","8":"tablet-align-center","9":"mobile-align-center","11":"first","12":"instock","13":"featured","14":"shipping-taxable","15":"product-type-simple"},"_links":{"self":[{"href":"https:\/\/www.steelgratingchina.com\/pt\/wp-json\/wp\/v2\/product\/9125","targetHints":{"allow":["GET"]}}],"collection":[{"href":"https:\/\/www.steelgratingchina.com\/pt\/wp-json\/wp\/v2\/product"}],"about":[{"href":"https:\/\/www.steelgratingchina.com\/pt\/wp-json\/wp\/v2\/types\/product"}],"version-history":[{"count":2,"href":"https:\/\/www.steelgratingchina.com\/pt\/wp-json\/wp\/v2\/product\/9125\/revisions"}],"predecessor-version":[{"id":9128,"href":"https:\/\/www.steelgratingchina.com\/pt\/wp-json\/wp\/v2\/product\/9125\/revisions\/9128"}],"wp:featuredmedia":[{"embeddable":true,"href":"https:\/\/www.steelgratingchina.com\/pt\/wp-json\/wp\/v2\/media\/9175"}],"wp:attachment":[{"href":"https:\/\/www.steelgratingchina.com\/pt\/wp-json\/wp\/v2\/media?parent=9125"}],"wp:term":[{"taxonomy":"product_brand","embeddable":true,"href":"https:\/\/www.steelgratingchina.com\/pt\/wp-json\/wp\/v2\/product_brand?post=9125"},{"taxonomy":"product_cat","embeddable":true,"href":"https:\/\/www.steelgratingchina.com\/pt\/wp-json\/wp\/v2\/product_cat?post=9125"},{"taxonomy":"product_tag","embeddable":true,"href":"https:\/\/www.steelgratingchina.com\/pt\/wp-json\/wp\/v2\/product_tag?post=9125"}],"curies":[{"name":"wp","href":"https:\/\/api.w.org\/{rel}","templated":true}]}}